{"id":894,"date":"2024-10-14T11:43:19","date_gmt":"2024-10-14T11:43:19","guid":{"rendered":"http:\/\/javpet.web.tr\/?page_id=894"},"modified":"2024-10-24T07:16:15","modified_gmt":"2024-10-24T07:16:15","slug":"kvkk","status":"publish","type":"page","link":"http:\/\/javpet.web.tr\/?page_id=894","title":{"rendered":"KVKK"},"content":{"rendered":"\t\t<div data-elementor-type=\"wp-page\" data-elementor-id=\"894\" class=\"elementor elementor-894\">\n\t\t\t\t\t\t<section class=\"elementor-section elementor-top-section elementor-element elementor-element-3232634 elementor-section-boxed elementor-section-height-default elementor-section-height-default\" data-id=\"3232634\" data-element_type=\"section\" data-e-type=\"section\">\n\t\t\t\t\t\t<div class=\"elementor-container elementor-column-gap-default\">\n\t\t\t\t\t<div class=\"elementor-column elementor-col-100 elementor-top-column elementor-element elementor-element-8bfcf65\" data-id=\"8bfcf65\" data-element_type=\"column\" data-e-type=\"column\">\n\t\t\t<div class=\"elementor-widget-wrap elementor-element-populated\">\n\t\t\t\t\t\t<div class=\"elementor-element elementor-element-01f0456 elementor-widget elementor-widget-heading\" data-id=\"01f0456\" data-element_type=\"widget\" data-e-type=\"widget\" data-widget_type=\"heading.default\">\n\t\t\t\t<div class=\"elementor-widget-container\">\n\t\t\t\t\t<h2 class=\"elementor-heading-title elementor-size-default\">KVKK<\/h2>\t\t\t\t<\/div>\n\t\t\t\t<\/div>\n\t\t\t\t<div class=\"elementor-element elementor-element-ff308f8 elementor-widget elementor-widget-text-editor\" data-id=\"ff308f8\" data-element_type=\"widget\" data-e-type=\"widget\" data-widget_type=\"text-editor.default\">\n\t\t\t\t<div class=\"elementor-widget-container\">\n\t\t\t\t\t\t\t\t\t<p><a href=\"http:\/\/javpet.web.tr\/wp-content\/uploads\/2024\/10\/JAVPET-VERI-SAHIBI-BASVURU-FORMU.docx\">VER\u0130 SAH\u0130B\u0130 BA\u015eVURU FORMU<\/a><\/p><p><a href=\"http:\/\/javpet.web.tr\/wp-content\/uploads\/2024\/10\/JAVPET-CEREZ-POLITIKASI.docx\">\u00c7EREZ POL\u0130T\u0130KASI<\/a><\/p><p><a href=\"http:\/\/javpet.web.tr\/wp-content\/uploads\/2024\/10\/JAVPET-MUSTERILER-ICIN-AYDINLATMA-METNI.docx\">AYDINLATMA METN\u0130<\/a><\/p><p><a href=\"http:\/\/javpet.web.tr\/wp-content\/uploads\/2024\/10\/veri.docx\">VER\u0130 \u0130\u015eLEME POL\u0130T\u0130KASI<\/a><\/p><p><a href=\"http:\/\/javpet.web.tr\/wp-content\/uploads\/2024\/10\/imha.docx\">\u0130MHA VE SAKLAMA POL\u0130T\u0130KASI<\/a><\/p><p>\u00a0<\/p>\t\t\t\t\t\t\t\t<\/div>\n\t\t\t\t<\/div>\n\t\t\t\t\t<\/div>\n\t\t<\/div>\n\t\t\t\t\t<\/div>\n\t\t<\/section>\n\t\t\t\t<\/div>\n\t\t","protected":false},"excerpt":{"rendered":"<p>KVKK VER\u0130 SAH\u0130B\u0130 BA\u015eVURU FORMU \u00c7EREZ POL\u0130T\u0130KASI AYDINLATMA METN\u0130 VER\u0130 \u0130\u015eLEME POL\u0130T\u0130KASI \u0130MHA VE SAKLAMA POL\u0130T\u0130KASI \u00a0<\/p>\n","protected":false},"author":1,"featured_media":0,"parent":0,"menu_order":0,"comment_status":"closed","ping_status":"closed","template":"","meta":{"site-sidebar-layout":"no-sidebar","site-content-layout":"page-builder","ast-site-content-layout":"full-width-container","site-content-style":"default","site-sidebar-style":"default","ast-global-header-display":"","ast-banner-title-visibility":"","ast-main-header-display":"","ast-hfb-above-header-display":"","ast-hfb-below-header-display":"","ast-hfb-mobile-header-display":"","site-post-title":"disabled","ast-breadcrumbs-content":"","ast-featured-img":"disabled","footer-sml-layout":"","ast-disable-related-posts":"","theme-transparent-header-meta":"","adv-header-id-meta":"","stick-header-meta":"","header-above-stick-meta":"","header-main-stick-meta":"","header-below-stick-meta":"","astra-migrate-meta-layouts":"set","ast-page-background-enabled":"default","ast-page-background-meta":{"desktop":{"background-color":"","background-image":"","background-repeat":"repeat","background-position":"center center","background-size":"auto","background-attachment":"scroll","background-type":"","background-media":"","overlay-type":"","overlay-color":"","overlay-opacity":"","overlay-gradient":""},"tablet":{"background-color":"","background-image":"","background-repeat":"repeat","background-position":"center center","background-size":"auto","background-attachment":"scroll","background-type":"","background-media":"","overlay-type":"","overlay-color":"","overlay-opacity":"","overlay-gradient":""},"mobile":{"background-color":"","background-image":"","background-repeat":"repeat","background-position":"center center","background-size":"auto","background-attachment":"scroll","background-type":"","background-media":"","overlay-type":"","overlay-color":"","overlay-opacity":"","overlay-gradient":""}},"ast-content-background-meta":{"desktop":{"background-color":"var(--ast-global-color-5)","background-image":"","background-repeat":"repeat","background-position":"center center","background-size":"auto","background-attachment":"scroll","background-type":"","background-media":"","overlay-type":"","overlay-color":"","overlay-opacity":"","overlay-gradient":""},"tablet":{"background-color":"var(--ast-global-color-5)","background-image":"","background-repeat":"repeat","background-position":"center center","background-size":"auto","background-attachment":"scroll","background-type":"","background-media":"","overlay-type":"","overlay-color":"","overlay-opacity":"","overlay-gradient":""},"mobile":{"background-color":"var(--ast-global-color-5)","background-image":"","background-repeat":"repeat","background-position":"center center","background-size":"auto","background-attachment":"scroll","background-type":"","background-media":"","overlay-type":"","overlay-color":"","overlay-opacity":"","overlay-gradient":""}},"footnotes":""},"class_list":["post-894","page","type-page","status-publish","hentry"],"_links":{"self":[{"href":"http:\/\/javpet.web.tr\/index.php?rest_route=\/wp\/v2\/pages\/894","targetHints":{"allow":["GET"]}}],"collection":[{"href":"http:\/\/javpet.web.tr\/index.php?rest_route=\/wp\/v2\/pages"}],"about":[{"href":"http:\/\/javpet.web.tr\/index.php?rest_route=\/wp\/v2\/types\/page"}],"author":[{"embeddable":true,"href":"http:\/\/javpet.web.tr\/index.php?rest_route=\/wp\/v2\/users\/1"}],"replies":[{"embeddable":true,"href":"http:\/\/javpet.web.tr\/index.php?rest_route=%2Fwp%2Fv2%2Fcomments&post=894"}],"version-history":[{"count":13,"href":"http:\/\/javpet.web.tr\/index.php?rest_route=\/wp\/v2\/pages\/894\/revisions"}],"predecessor-version":[{"id":917,"href":"http:\/\/javpet.web.tr\/index.php?rest_route=\/wp\/v2\/pages\/894\/revisions\/917"}],"wp:attachment":[{"href":"http:\/\/javpet.web.tr\/index.php?rest_route=%2Fwp%2Fv2%2Fmedia&parent=894"}],"curies":[{"name":"wp","href":"https:\/\/api.w.org\/{rel}","templated":true}]}}